{"id":19,"date":"2023-09-19T17:49:36","date_gmt":"2023-09-19T20:49:36","guid":{"rendered":"https:\/\/casafuturoarquitetura.com.br\/?page_id=19"},"modified":"2024-03-19T15:23:38","modified_gmt":"2024-03-19T18:23:38","slug":"sobre-nos","status":"publish","type":"page","link":"https:\/\/casafuturoarquitetura.com.br\/index.php\/sobre-nos\/","title":{"rendered":"Sobre N\u00f3s"},"content":{"rendered":"\t\t<div data-elementor-type=\"wp-page\" data-elementor-id=\"19\" class=\"elementor elementor-19\" data-elementor-post-type=\"page\">\n\t\t\t\t<div class=\"elementor-element elementor-element-57433db e-flex e-con-boxed e-con e-parent\" data-id=\"57433db\" data-element_type=\"container\">\n\t\t\t\t\t<div class=\"e-con-inner\">\n\t\t<div class=\"elementor-element elementor-element-2cba8e4 e-con-full e-flex e-con e-child\" data-id=\"2cba8e4\" data-element_type=\"container\">\n\t\t\t\t<div class=\"elementor-element elementor-element-48b9dc4 elementor-widget elementor-widget-image\" data-id=\"48b9dc4\" data-element_type=\"widget\" data-widget_type=\"image.default\">\n\t\t\t\t<div class=\"elementor-widget-container\">\n\t\t\t\t\t\t\t\t\t\t\t\t\t\t\t<img fetchpriority=\"high\" decoding=\"async\" width=\"1024\" height=\"1024\" src=\"https:\/\/casafuturoarquitetura.com.br\/wp-content\/uploads\/2024\/03\/Design-sem-nome-1-1-1024x1024.png\" class=\"attachment-large size-large wp-image-983\" alt=\"\" srcset=\"https:\/\/casafuturoarquitetura.com.br\/wp-content\/uploads\/2024\/03\/Design-sem-nome-1-1-1024x1024.png 1024w, https:\/\/casafuturoarquitetura.com.br\/wp-content\/uploads\/2024\/03\/Design-sem-nome-1-1-300x300.png 300w, https:\/\/casafuturoarquitetura.com.br\/wp-content\/uploads\/2024\/03\/Design-sem-nome-1-1-150x150.png 150w, https:\/\/casafuturoarquitetura.com.br\/wp-content\/uploads\/2024\/03\/Design-sem-nome-1-1-768x768.png 768w, https:\/\/casafuturoarquitetura.com.br\/wp-content\/uploads\/2024\/03\/Design-sem-nome-1-1-230x230.png 230w, https:\/\/casafuturoarquitetura.com.br\/wp-content\/uploads\/2024\/03\/Design-sem-nome-1-1-400x400.png 400w, https:\/\/casafuturoarquitetura.com.br\/wp-content\/uploads\/2024\/03\/Design-sem-nome-1-1-600x600.png 600w, https:\/\/casafuturoarquitetura.com.br\/wp-content\/uploads\/2024\/03\/Design-sem-nome-1-1-640x640.png 640w, https:\/\/casafuturoarquitetura.com.br\/wp-content\/uploads\/2024\/03\/Design-sem-nome-1-1.png 1080w\" sizes=\"(max-width: 1024px) 100vw, 1024px\" \/>\t\t\t\t\t\t\t\t\t\t\t\t\t\t\t<\/div>\n\t\t\t\t<\/div>\n\t\t\t\t<\/div>\n\t\t<div class=\"elementor-element elementor-element-114f5cd e-con-full e-flex e-con e-child\" data-id=\"114f5cd\" data-element_type=\"container\">\n\t\t<div class=\"elementor-element elementor-element-db05345 e-con-full e-flex e-con e-child\" data-id=\"db05345\" data-element_type=\"container\">\n\t\t\t\t<div class=\"elementor-element elementor-element-969d3d5 elementor-widget elementor-widget-heading\" data-id=\"969d3d5\" data-element_type=\"widget\" data-widget_type=\"heading.default\">\n\t\t\t\t<div class=\"elementor-widget-container\">\n\t\t\t\t\t<h2 class=\"elementor-heading-title elementor-size-default\">Ol\u00e1, somos a<\/h2>\t\t\t\t<\/div>\n\t\t\t\t<\/div>\n\t\t\t\t<div class=\"elementor-element elementor-element-fd53756 elementor-widget elementor-widget-heading\" data-id=\"fd53756\" data-element_type=\"widget\" data-widget_type=\"heading.default\">\n\t\t\t\t<div class=\"elementor-widget-container\">\n\t\t\t\t\t<h2 class=\"elementor-heading-title elementor-size-default\">Casa Futuro Arquitetura<\/h2>\t\t\t\t<\/div>\n\t\t\t\t<\/div>\n\t\t\t\t<div class=\"elementor-element elementor-element-56eb987 elementor-widget elementor-widget-text-editor\" data-id=\"56eb987\" data-element_type=\"widget\" data-widget_type=\"text-editor.default\">\n\t\t\t\t<div class=\"elementor-widget-container\">\n\t\t\t\t\t\t\t\t\t<p>H\u00e1 <span class=\"styles_wordWithSynonyms__8M9z7\">mais<\/span> de <span class=\"styles_wordWithSynonyms__8M9z7\">dez<\/span> anos no <span class=\"styles_wordWithSynonyms__8M9z7\">mercado<\/span> da constru\u00e7\u00e3o, <span class=\"styles_wordWithSynonyms__8M9z7\">nos<\/span> primeiros anos o <span class=\"styles_wordWithSynonyms__8M9z7\">planejamento<\/span> <span class=\"styles_wordWithSynonyms__8M9z7\">urbano<\/span> foi a <span class=\"styles_wordWithSynonyms__8M9z7\">base<\/span> do nosso <span class=\"styles_wordWithSynonyms__8M9z7\">crescimento<\/span>! Ao <span class=\"styles_wordWithSynonyms__8M9z7\">aprofundar<\/span> a \u00e1rea <span class=\"styles_wordWithSynonyms__8M9z7\">conseguimos<\/span> <span class=\"styles_wordWithSynonyms__8M9z7\">criar<\/span> m\u00faltiplos loteamentos em diversas cidades do <span class=\"styles_wordWithSynonyms__8M9z7\">estado<\/span> de Goi\u00e1s! Formada pela PUC Goi\u00e1s em Arquitetura e especializa\u00e7\u00e3o na \u00e1rea\u00a0 desde 2016 nossa busca desde ent\u00e3o foi priorizar a arquitetura para as pessoas, criando valores duradouros! Juntando nossas referencias de projetos, estudos, viagens, artes pl\u00e1sticas, fotografia, musica at\u00e9 chegar nas memorias afetivas criando sensa\u00e7\u00f5es visuais mais criativas e eficientes. Temos como miss\u00e3o traduzir as necessidades dos clientes em projetos funcionais e \u00fanicos. Priorizamos encontrar na naturalidade dos materiais, sejam eles pr\u00e9 fabricados ou artesanais, o valor afetivo da composi\u00e7\u00e3o arquitet\u00f4nica, aproveitando os espa\u00e7os existentes no <span class=\"styles_wordWithSynonyms__8M9z7\">ambiente<\/span>, a <span class=\"styles_wordWithSynonyms__8M9z7\">melhor<\/span> <span class=\"styles_wordWithSynonyms__8M9z7\">forma<\/span> de <span class=\"styles_wordWithSynonyms__8M9z7\">realizar<\/span> projetos de interiores \u00e9 adapt\u00e1-los \u00e0 conviv\u00eancia e \u00e0s necessidades de <span class=\"styles_wordWithSynonyms__8M9z7\">cada<\/span> cliente! \u00c9 o processo art\u00edstico e t\u00e9cnico que envolve a elabora\u00e7\u00e3o de espa\u00e7os organizados e criativos para abrigar diferentes tipos de atividades humanas.<\/p>\t\t\t\t\t\t\t\t<\/div>\n\t\t\t\t<\/div>\n\t\t\t\t<\/div>\n\t\t\t\t<\/div>\n\t\t\t\t\t<\/div>\n\t\t\t\t<\/div>\n\t\t\t\t<\/div>\n\t\t","protected":false},"excerpt":{"rendered":"<p>Ol\u00e1, somos a Casa Futuro Arquitetura H\u00e1 mais de dez anos no mercado da constru\u00e7\u00e3o, nos primeiros anos o planejamento urbano foi a base do nosso crescimento! Ao aprofundar a \u00e1rea conseguimos criar m\u00faltiplos loteamentos em diversas cidades do estado de Goi\u00e1s! Formada pela PUC Goi\u00e1s em Arquitetura e especializa\u00e7\u00e3o na \u00e1rea\u00a0 desde 2016 nossa [&hellip;]<\/p>\n","protected":false},"author":1,"featured_media":0,"parent":0,"menu_order":0,"comment_status":"closed","ping_status":"closed","template":"","meta":{"footnotes":""},"_links":{"self":[{"href":"https:\/\/casafuturoarquitetura.com.br\/index.php\/wp-json\/wp\/v2\/pages\/19"}],"collection":[{"href":"https:\/\/casafuturoarquitetura.com.br\/index.php\/wp-json\/wp\/v2\/pages"}],"about":[{"href":"https:\/\/casafuturoarquitetura.com.br\/index.php\/wp-json\/wp\/v2\/types\/page"}],"author":[{"embeddable":true,"href":"https:\/\/casafuturoarquitetura.com.br\/index.php\/wp-json\/wp\/v2\/users\/1"}],"replies":[{"embeddable":true,"href":"https:\/\/casafuturoarquitetura.com.br\/index.php\/wp-json\/wp\/v2\/comments?post=19"}],"version-history":[{"count":4,"href":"https:\/\/casafuturoarquitetura.com.br\/index.php\/wp-json\/wp\/v2\/pages\/19\/revisions"}],"predecessor-version":[{"id":1185,"href":"https:\/\/casafuturoarquitetura.com.br\/index.php\/wp-json\/wp\/v2\/pages\/19\/revisions\/1185"}],"wp:attachment":[{"href":"https:\/\/casafuturoarquitetura.com.br\/index.php\/wp-json\/wp\/v2\/media?parent=19"}],"curies":[{"name":"wp","href":"https:\/\/api.w.org\/{rel}","templated":true}]}}